{"id":53,"date":"2023-05-05T15:04:43","date_gmt":"2023-05-05T13:04:43","guid":{"rendered":"https:\/\/le-scriptorium.ch\/?page_id=53"},"modified":"2025-11-16T21:04:27","modified_gmt":"2025-11-16T19:04:27","slug":"dans-les-coulisses","status":"publish","type":"page","link":"https:\/\/le-scriptorium.ch\/index.php\/dans-les-coulisses\/","title":{"rendered":"A propos"},"content":{"rendered":"\t\t<div data-elementor-type=\"wp-page\" data-elementor-id=\"53\" class=\"elementor elementor-53\">\n\t\t\t\t\t\t<section class=\"elementor-section elementor-top-section elementor-element elementor-element-7c46db2b envato-kit-141-top-0 elementor-section-boxed elementor-section-height-default elementor-section-height-default\" data-id=\"7c46db2b\" data-element_type=\"section\" data-e-type=\"section\" data-settings=\"{&quot;background_background&quot;:&quot;classic&quot;}\">\n\t\t\t\t\t\t\t<div class=\"elementor-background-overlay\"><\/div>\n\t\t\t\t\t\t\t<div class=\"elementor-container elementor-column-gap-wider\">\n\t\t\t\t\t<div class=\"elementor-column elementor-col-50 elementor-top-column elementor-element elementor-element-3e2efc60\" data-id=\"3e2efc60\" data-element_type=\"column\" data-e-type=\"column\">\n\t\t\t<div class=\"elementor-widget-wrap elementor-element-populated\">\n\t\t\t\t\t\t<div class=\"elementor-element elementor-element-3cbe79f1 elementor-invisible elementor-widget elementor-widget-heading\" data-id=\"3cbe79f1\" data-element_type=\"widget\" data-e-type=\"widget\" data-settings=\"{&quot;_animation&quot;:&quot;fadeIn&quot;,&quot;_animation_delay&quot;:50}\" data-widget_type=\"heading.default\">\n\t\t\t\t<div class=\"elementor-widget-container\">\n\t\t\t\t\t<h2 class=\"elementor-heading-title elementor-size-default\">Le Scriptorium<\/h2>\t\t\t\t<\/div>\n\t\t\t\t<\/div>\n\t\t\t\t<div class=\"elementor-element elementor-element-6616b50 elementor-invisible elementor-widget elementor-widget-heading\" data-id=\"6616b50\" data-element_type=\"widget\" data-e-type=\"widget\" data-settings=\"{&quot;_animation&quot;:&quot;fadeIn&quot;,&quot;_animation_delay&quot;:100}\" data-widget_type=\"heading.default\">\n\t\t\t\t<div class=\"elementor-widget-container\">\n\t\t\t\t\t<h2 class=\"elementor-heading-title elementor-size-default\">a propos<\/h2>\t\t\t\t<\/div>\n\t\t\t\t<\/div>\n\t\t\t\t<div class=\"elementor-element elementor-element-6dc42f26 elementor-widget-divider--view-line elementor-invisible elementor-widget elementor-widget-divider\" data-id=\"6dc42f26\" data-element_type=\"widget\" data-e-type=\"widget\" data-settings=\"{&quot;_animation&quot;:&quot;fadeIn&quot;,&quot;_animation_delay&quot;:150}\" data-widget_type=\"divider.default\">\n\t\t\t\t<div class=\"elementor-widget-container\">\n\t\t\t\t\t\t\t<div class=\"elementor-divider\">\n\t\t\t<span class=\"elementor-divider-separator\">\n\t\t\t\t\t\t<\/span>\n\t\t<\/div>\n\t\t\t\t\t\t<\/div>\n\t\t\t\t<\/div>\n\t\t\t\t<section class=\"elementor-section elementor-inner-section elementor-element elementor-element-4f41844 elementor-section-boxed elementor-section-height-default elementor-section-height-default elementor-invisible\" data-id=\"4f41844\" data-element_type=\"section\" data-e-type=\"section\" data-settings=\"{&quot;animation&quot;:&quot;fadeIn&quot;,&quot;animation_delay&quot;:300}\">\n\t\t\t\t\t\t<div class=\"elementor-container elementor-column-gap-no\">\n\t\t\t\t\t<div class=\"elementor-column elementor-col-100 elementor-inner-column elementor-element elementor-element-dff9c3a\" data-id=\"dff9c3a\" data-element_type=\"column\" data-e-type=\"column\">\n\t\t\t<div class=\"elementor-widget-wrap elementor-element-populated\">\n\t\t\t\t\t\t<div class=\"elementor-element elementor-element-61d55998 elementor-widget__width-initial elementor-widget elementor-widget-text-editor\" data-id=\"61d55998\" data-element_type=\"widget\" data-e-type=\"widget\" data-widget_type=\"text-editor.default\">\n\t\t\t\t<div class=\"elementor-widget-container\">\n\t\t\t\t\t\t\t\t\t<p>Dipl\u00f4m\u00e9e d\u2019un Master en Histoire g\u00e9n\u00e9rale et d\u2019un Bachelor en Histoire et civilisation du Moyen \u00e2ge de l&rsquo;Universit\u00e9 de Gen\u00e8ve, j\u2019ai \u00e9galement poursuivi un compl\u00e9ment de formation en mus\u00e9ologie.<\/p><p><span style=\"font-family: var( --e-global-typography-text-font-family ), Sans-serif; font-size: 1rem; font-weight: var( --e-global-typography-text-font-weight ); background-color: var(--ast-global-color-5); text-decoration-line: initial;\">Passionn\u00e9e par l\u2019histoire m\u00e9di\u00e9vale, j\u2019ai souvent expliqu\u00e9 mon int\u00e9r\u00eat pour cette p\u00e9riode ainsi : \u00ab\u00a0c\u2019est une p\u00e9riode suffisamment lointaine pour garder un certain myst\u00e8re, mais suffisamment proche pour qu\u2019on puisse quand m\u00eame avancer quelques certitudes\u00a0\u00bb. Et puis, il y a les beaux ch\u00e2teaux.<\/span>\u00a0<\/p><p><span style=\"font-style: inherit; font-weight: inherit; font-family: var( --e-global-typography-text-font-family ), Sans-serif; background-color: var(--ast-global-color-5); text-decoration-line: initial;\">Ce que j\u2019aime cependant plus encore qu\u2019\u00e9tudier le Moyen \u00e2ge, seule avec mes livres, c\u2019est en parler. Partager ce savoir, faire conna\u00eetre cette p\u00e9riode riche de l\u2019histoire au-del\u00e0 des clich\u00e9s, telle est la mission que je me suis donn\u00e9e et la raison d\u2019\u00eatre du Scriptorium. Mon podcast \u00ab\u00a0<\/span><a style=\"font-style: inherit; font-weight: inherit; font-family: var( --e-global-typography-text-font-family ), Sans-serif;\" href=\"https:\/\/le-scriptorium.ch\/index.php\/podcast\/\">Le (pas si) Moyen \u00e2ge<\/a><span style=\"font-style: inherit; font-weight: inherit; font-family: var( --e-global-typography-text-font-family ), Sans-serif; background-color: var(--ast-global-color-5); text-decoration-line: initial;\">\u00a0\u00bb est le premier de ce que j\u2019esp\u00e8re \u00eatre une longue s\u00e9rie de projets ayant pour but la mise en valeur de la p\u00e9riode m\u00e9di\u00e9vale d\u2019une mani\u00e8re accessible, sans pour autant sacrifier la rigueur scientifique qui se cache derri\u00e8re.<\/span><\/p>\t\t\t\t\t\t\t\t<\/div>\n\t\t\t\t<\/div>\n\t\t\t\t\t<\/div>\n\t\t<\/div>\n\t\t\t\t\t<\/div>\n\t\t<\/section>\n\t\t\t\t<section class=\"elementor-section elementor-inner-section elementor-element elementor-element-6d1e6816 elementor-section-boxed elementor-section-height-default elementor-section-height-default elementor-invisible\" data-id=\"6d1e6816\" data-element_type=\"section\" data-e-type=\"section\" data-settings=\"{&quot;animation&quot;:&quot;fadeIn&quot;,&quot;animation_delay&quot;:300}\">\n\t\t\t\t\t\t<div class=\"elementor-container elementor-column-gap-no\">\n\t\t\t\t\t<div class=\"elementor-column elementor-col-100 elementor-inner-column elementor-element elementor-element-5ea214fb\" data-id=\"5ea214fb\" data-element_type=\"column\" data-e-type=\"column\">\n\t\t\t<div class=\"elementor-widget-wrap\">\n\t\t\t\t\t\t\t<\/div>\n\t\t<\/div>\n\t\t\t\t\t<\/div>\n\t\t<\/section>\n\t\t\t\t\t<\/div>\n\t\t<\/div>\n\t\t\t\t<div class=\"elementor-column elementor-col-50 elementor-top-column elementor-element elementor-element-574bf9fb\" data-id=\"574bf9fb\" data-element_type=\"column\" data-e-type=\"column\">\n\t\t\t<div class=\"elementor-widget-wrap elementor-element-populated\">\n\t\t\t\t\t\t<div class=\"elementor-element elementor-element-70837ae elementor-invisible elementor-widget elementor-widget-image\" data-id=\"70837ae\" data-element_type=\"widget\" data-e-type=\"widget\" data-settings=\"{&quot;_animation&quot;:&quot;fadeIn&quot;,&quot;_animation_delay&quot;:350}\" data-widget_type=\"image.default\">\n\t\t\t\t<div class=\"elementor-widget-container\">\n\t\t\t\t\t\t\t\t\t\t\t\t\t\t\t<img fetchpriority=\"high\" decoding=\"async\" width=\"414\" height=\"650\" src=\"https:\/\/le-scriptorium.ch\/wp-content\/uploads\/2024\/04\/dame-a-la-licorne-detail-2.jpg\" class=\"attachment-full size-full wp-image-1297\" alt=\"D\u00e9tail de la tenture de la dame \u00e0 la licorne\" srcset=\"https:\/\/le-scriptorium.ch\/wp-content\/uploads\/2024\/04\/dame-a-la-licorne-detail-2.jpg 414w, https:\/\/le-scriptorium.ch\/wp-content\/uploads\/2024\/04\/dame-a-la-licorne-detail-2-191x300.jpg 191w\" sizes=\"(max-width: 414px) 100vw, 414px\" \/>\t\t\t\t\t\t\t\t\t\t\t\t\t\t\t<\/div>\n\t\t\t\t<\/div>\n\t\t\t\t<div class=\"elementor-element elementor-element-55899843 elementor-widget__width-initial elementor-widget elementor-widget-heading\" data-id=\"55899843\" data-element_type=\"widget\" data-e-type=\"widget\" data-widget_type=\"heading.default\">\n\t\t\t\t<div class=\"elementor-widget-container\">\n\t\t\t\t\t<h2 class=\"elementor-heading-title elementor-size-default\">Tenture de la dame \u00e0 la licorne (d\u00e9tail), Mus\u00e9e de Cluny<\/h2>\t\t\t\t<\/div>\n\t\t\t\t<\/div>\n\t\t\t\t\t<\/div>\n\t\t<\/div>\n\t\t\t\t\t<\/div>\n\t\t<\/section>\n\t\t\t\t<\/div>\n\t\t","protected":false},"excerpt":{"rendered":"<p>Le Scriptorium a propos Dipl\u00f4m\u00e9e d\u2019un Master en Histoire g\u00e9n\u00e9rale et d\u2019un Bachelor en Histoire et civilisation du Moyen \u00e2ge de l&rsquo;Universit\u00e9 de Gen\u00e8ve, j\u2019ai \u00e9galement poursuivi un compl\u00e9ment de formation en mus\u00e9ologie. Passionn\u00e9e par l\u2019histoire m\u00e9di\u00e9vale, j\u2019ai souvent expliqu\u00e9 mon int\u00e9r\u00eat pour cette p\u00e9riode ainsi : \u00ab\u00a0c\u2019est une p\u00e9riode suffisamment lointaine pour garder un [&hellip;]<\/p>\n","protected":false},"author":1,"featured_media":0,"parent":0,"menu_order":0,"comment_status":"closed","ping_status":"closed","template":"","meta":{"footnotes":""},"class_list":["post-53","page","type-page","status-publish","hentry"],"blocksy_meta":[],"_links":{"self":[{"href":"https:\/\/le-scriptorium.ch\/index.php\/wp-json\/wp\/v2\/pages\/53","targetHints":{"allow":["GET"]}}],"collection":[{"href":"https:\/\/le-scriptorium.ch\/index.php\/wp-json\/wp\/v2\/pages"}],"about":[{"href":"https:\/\/le-scriptorium.ch\/index.php\/wp-json\/wp\/v2\/types\/page"}],"author":[{"embeddable":true,"href":"https:\/\/le-scriptorium.ch\/index.php\/wp-json\/wp\/v2\/users\/1"}],"replies":[{"embeddable":true,"href":"https:\/\/le-scriptorium.ch\/index.php\/wp-json\/wp\/v2\/comments?post=53"}],"version-history":[{"count":32,"href":"https:\/\/le-scriptorium.ch\/index.php\/wp-json\/wp\/v2\/pages\/53\/revisions"}],"predecessor-version":[{"id":1742,"href":"https:\/\/le-scriptorium.ch\/index.php\/wp-json\/wp\/v2\/pages\/53\/revisions\/1742"}],"wp:attachment":[{"href":"https:\/\/le-scriptorium.ch\/index.php\/wp-json\/wp\/v2\/media?parent=53"}],"curies":[{"name":"wp","href":"https:\/\/api.w.org\/{rel}","templated":true}]}}