{"id":51,"date":"2023-05-05T15:03:51","date_gmt":"2023-05-05T15:03:51","guid":{"rendered":"https:\/\/le-scriptorium.ch\/?page_id=51"},"modified":"2025-11-16T20:24:14","modified_gmt":"2025-11-16T18:24:14","slug":"les-scripts","status":"publish","type":"page","link":"https:\/\/le-scriptorium.ch\/index.php\/les-scripts\/","title":{"rendered":"Les Scripts"},"content":{"rendered":"\t\t<div data-elementor-type=\"wp-page\" data-elementor-id=\"51\" class=\"elementor elementor-51\">\n\t\t\t\t\t\t<section class=\"elementor-section elementor-top-section elementor-element elementor-element-75e9069 elementor-section-full_width elementor-section-height-default elementor-section-height-default\" data-id=\"75e9069\" data-element_type=\"section\" data-e-type=\"section\">\n\t\t\t\t\t\t<div class=\"elementor-container elementor-column-gap-default\">\n\t\t\t\t\t<div class=\"elementor-column elementor-col-50 elementor-top-column elementor-element elementor-element-33706a1\" data-id=\"33706a1\" data-element_type=\"column\" data-e-type=\"column\">\n\t\t\t<div class=\"elementor-widget-wrap elementor-element-populated\">\n\t\t\t\t\t\t<div class=\"elementor-element elementor-element-c92efa2 elementor-view-default elementor-widget elementor-widget-icon\" data-id=\"c92efa2\" data-element_type=\"widget\" data-e-type=\"widget\" data-widget_type=\"icon.default\">\n\t\t\t\t<div class=\"elementor-widget-container\">\n\t\t\t\t\t\t\t<div class=\"elementor-icon-wrapper\">\n\t\t\t<div class=\"elementor-icon\">\n\t\t\t<i aria-hidden=\"true\" class=\"fas fa-bookmark\"><\/i>\t\t\t<\/div>\n\t\t<\/div>\n\t\t\t\t\t\t<\/div>\n\t\t\t\t<\/div>\n\t\t\t\t\t<\/div>\n\t\t<\/div>\n\t\t\t\t<div class=\"elementor-column elementor-col-50 elementor-top-column elementor-element elementor-element-73bdd6d\" data-id=\"73bdd6d\" data-element_type=\"column\" data-e-type=\"column\">\n\t\t\t<div class=\"elementor-widget-wrap elementor-element-populated\">\n\t\t\t\t\t\t<div class=\"elementor-element elementor-element-c051324 elementor-widget elementor-widget-text-editor\" data-id=\"c051324\" data-element_type=\"widget\" data-e-type=\"widget\" data-widget_type=\"text-editor.default\">\n\t\t\t\t<div class=\"elementor-widget-container\">\n\t\t\t\t\t\t\t\t\t<p>N.B. : Ces articles ne sont pas des articles scientifiques mais des articles de blog ayant\u00a0<span style=\"background-color: var(--ast-global-color-5); text-decoration-line: initial;\">pour but premier d&rsquo;offrir une transcription \u00e9crite des \u00e9pisodes du podcast<\/span><span style=\"font-style: inherit; font-weight: inherit; background-color: var(--ast-global-color-5); text-decoration-line: initial;\">. Ils n&rsquo;en sont cependant pas moins document\u00e9s avec s\u00e9rieux, et sont accompagn\u00e9s de quelques r\u00e9f\u00e9rences choisies pour celles et ceux qui souhaiteraient pousser leur curiosit\u00e9 plus loin sur le sujet trait\u00e9.<\/span><\/p>\t\t\t\t\t\t\t\t<\/div>\n\t\t\t\t<\/div>\n\t\t\t\t\t<\/div>\n\t\t<\/div>\n\t\t\t\t\t<\/div>\n\t\t<\/section>\n\t\t<div class=\"elementor-element elementor-element-522e850 e-flex e-con-boxed e-con e-parent\" data-id=\"522e850\" data-element_type=\"container\" data-e-type=\"container\">\n\t\t\t\t\t<div class=\"e-con-inner\">\n\t\t\t\t<div class=\"elementor-element elementor-element-2f05431 elementor-widget elementor-widget-shortcode\" data-id=\"2f05431\" data-element_type=\"widget\" data-e-type=\"widget\" data-widget_type=\"shortcode.default\">\n\t\t\t\t<div class=\"elementor-widget-container\">\n\t\t\t\t\t\t\t<div class=\"elementor-shortcode\"><div class=\"ct-posts-shortcode\" data-prefix=\"blog\"><div class=\"entries\" data-archive=\"default\" data-layout=\"simple\" data-cards=\"boxed\"><article class=\"entry-card post-1763 post type-post status-publish format-standard hentry category-le-pas-si-moyen-age tag-culture tag-genre tag-histoire tag-medieval tag-moyen-age\" data-reveal=\"bottom:no\"><div class=\"card-content\"><ul class=\"entry-meta\" data-type=\"simple:slash\" data-id=\"9Efk7S\" ><li class=\"meta-categories\" data-type=\"pill\"><a href=\"https:\/\/le-scriptorium.ch\/index.php\/category\/le-pas-si-moyen-age\/\" rel=\"tag\" class=\"ct-term-15\">Le Pas si Moyen \u00e2ge<\/a><\/li><\/ul><h2 class=\"entry-title\"><a href=\"https:\/\/le-scriptorium.ch\/index.php\/2026\/03\/08\/episode-8-femmes-au-moyen-age-introduction\/\" rel=\"bookmark\">Episode 8 : Femmes au Moyen \u00e2ge | Introduction<\/a><\/h2><ul class=\"entry-meta\" data-type=\"simple:circle\" data-id=\"nlehgD\" ><li class=\"meta-author\" itemprop=\"author\" itemscope=\"\" itemtype=\"https:\/\/schema.org\/Person\"><a href=\"https:\/\/le-scriptorium.ch\/index.php\/author\/admin_osj12qpx\/\" tabindex=\"-1\" class=\"ct-media-container-static\"><img decoding=\"async\" src=\"https:\/\/secure.gravatar.com\/avatar\/a8e99e1405b4f1575577eb925271153996c2e422f9e73f0e6b7cdd91c9bfe9d9?s=80&amp;d=mm&amp;r=g\" width=\"40\" height=\"40\" style=\"height:40px\" alt=\"Elena\"><\/a><a class=\"ct-meta-element-author\" href=\"https:\/\/le-scriptorium.ch\/index.php\/author\/admin_osj12qpx\/\" title=\"Articles par Elena\" rel=\"author\" itemprop=\"url\"><span itemprop=\"name\">Elena<\/span><\/a><\/li><li class=\"meta-date\" itemprop=\"datePublished\"><time class=\"ct-meta-element-date\" datetime=\"2026-03-08T17:52:19+02:00\">08\/03\/2026<\/time><\/li><\/ul><\/div><\/article><article class=\"entry-card post-1626 post type-post status-publish format-standard has-post-thumbnail hentry category-le-pas-si-moyen-age tag-culture tag-histoire tag-medias tag-medieval tag-mode tag-moyen-age tag-religion tag-vetements\" data-reveal=\"bottom:no\"><a class=\"ct-media-container boundless-image\" href=\"https:\/\/le-scriptorium.ch\/index.php\/2025\/07\/23\/episode-7-a-la-mode-medievale\/\" aria-label=\"Episode 7 : A la mode m\u00e9di\u00e9vale\"><img loading=\"lazy\" decoding=\"async\" width=\"768\" height=\"1081\" src=\"https:\/\/le-scriptorium.ch\/wp-content\/uploads\/2025\/07\/F074-aregonde-a-f-1-768x1081.jpg\" class=\"attachment-medium_large size-medium_large wp-post-image\" alt=\"\" loading=\"lazy\" srcset=\"https:\/\/le-scriptorium.ch\/wp-content\/uploads\/2025\/07\/F074-aregonde-a-f-1-768x1081.jpg 768w, https:\/\/le-scriptorium.ch\/wp-content\/uploads\/2025\/07\/F074-aregonde-a-f-1-213x300.jpg 213w, https:\/\/le-scriptorium.ch\/wp-content\/uploads\/2025\/07\/F074-aregonde-a-f-1-728x1024.jpg 728w, https:\/\/le-scriptorium.ch\/wp-content\/uploads\/2025\/07\/F074-aregonde-a-f-1-1091x1536.jpg 1091w, https:\/\/le-scriptorium.ch\/wp-content\/uploads\/2025\/07\/F074-aregonde-a-f-1.jpg 1421w\" sizes=\"auto, (max-width: 768px) 100vw, 768px\" itemprop=\"image\" style=\"aspect-ratio: 4\/3;\" \/><\/a><div class=\"card-content\"><ul class=\"entry-meta\" data-type=\"simple:slash\" data-id=\"9Efk7S\" ><li class=\"meta-categories\" data-type=\"pill\"><a href=\"https:\/\/le-scriptorium.ch\/index.php\/category\/le-pas-si-moyen-age\/\" rel=\"tag\" class=\"ct-term-15\">Le Pas si Moyen \u00e2ge<\/a><\/li><\/ul><h2 class=\"entry-title\"><a href=\"https:\/\/le-scriptorium.ch\/index.php\/2025\/07\/23\/episode-7-a-la-mode-medievale\/\" rel=\"bookmark\">Episode 7 : A la mode m\u00e9di\u00e9vale<\/a><\/h2><ul class=\"entry-meta\" data-type=\"simple:circle\" data-id=\"nlehgD\" ><li class=\"meta-author\" itemprop=\"author\" itemscope=\"\" itemtype=\"https:\/\/schema.org\/Person\"><a href=\"https:\/\/le-scriptorium.ch\/index.php\/author\/admin_osj12qpx\/\" tabindex=\"-1\" class=\"ct-media-container-static\"><img decoding=\"async\" src=\"https:\/\/secure.gravatar.com\/avatar\/a8e99e1405b4f1575577eb925271153996c2e422f9e73f0e6b7cdd91c9bfe9d9?s=80&amp;d=mm&amp;r=g\" width=\"40\" height=\"40\" style=\"height:40px\" alt=\"Elena\"><\/a><a class=\"ct-meta-element-author\" href=\"https:\/\/le-scriptorium.ch\/index.php\/author\/admin_osj12qpx\/\" title=\"Articles par Elena\" rel=\"author\" itemprop=\"url\"><span itemprop=\"name\">Elena<\/span><\/a><\/li><li class=\"meta-date\" itemprop=\"datePublished\"><time class=\"ct-meta-element-date\" datetime=\"2025-07-23T12:36:45+02:00\">23\/07\/2025<\/time><\/li><\/ul><\/div><\/article><article class=\"entry-card post-1609 post type-post status-publish format-standard has-post-thumbnail hentry category-le-pas-si-moyen-age tag-chevalerie tag-culture tag-histoire tag-medias tag-medieval tag-moyen-age tag-religion\" data-reveal=\"bottom:no\"><a class=\"ct-media-container boundless-image\" href=\"https:\/\/le-scriptorium.ch\/index.php\/2025\/02\/28\/episode-6-la-chevalerie-a-cheval-entre-fonction-et-ideologie\/\" aria-label=\"Episode 6 : La chevalerie, \u00ab\u00a0\u00e0 cheval\u00a0\u00bb entre fonction et id\u00e9ologie\"><img loading=\"lazy\" decoding=\"async\" width=\"768\" height=\"1083\" src=\"https:\/\/le-scriptorium.ch\/wp-content\/uploads\/2025\/02\/cpg848_0043-768x1083.jpg\" class=\"attachment-medium_large size-medium_large wp-post-image\" alt=\"\" loading=\"lazy\" srcset=\"https:\/\/le-scriptorium.ch\/wp-content\/uploads\/2025\/02\/cpg848_0043-768x1083.jpg 768w, https:\/\/le-scriptorium.ch\/wp-content\/uploads\/2025\/02\/cpg848_0043-213x300.jpg 213w, https:\/\/le-scriptorium.ch\/wp-content\/uploads\/2025\/02\/cpg848_0043-726x1024.jpg 726w, https:\/\/le-scriptorium.ch\/wp-content\/uploads\/2025\/02\/cpg848_0043-1089x1536.jpg 1089w, https:\/\/le-scriptorium.ch\/wp-content\/uploads\/2025\/02\/cpg848_0043-1452x2048.jpg 1452w, https:\/\/le-scriptorium.ch\/wp-content\/uploads\/2025\/02\/cpg848_0043.jpg 1767w\" sizes=\"auto, (max-width: 768px) 100vw, 768px\" itemprop=\"image\" style=\"aspect-ratio: 4\/3;\" \/><\/a><div class=\"card-content\"><ul class=\"entry-meta\" data-type=\"simple:slash\" data-id=\"9Efk7S\" ><li class=\"meta-categories\" data-type=\"pill\"><a href=\"https:\/\/le-scriptorium.ch\/index.php\/category\/le-pas-si-moyen-age\/\" rel=\"tag\" class=\"ct-term-15\">Le Pas si Moyen \u00e2ge<\/a><\/li><\/ul><h2 class=\"entry-title\"><a href=\"https:\/\/le-scriptorium.ch\/index.php\/2025\/02\/28\/episode-6-la-chevalerie-a-cheval-entre-fonction-et-ideologie\/\" rel=\"bookmark\">Episode 6 : La chevalerie, \u00ab\u00a0\u00e0 cheval\u00a0\u00bb entre fonction et id\u00e9ologie<\/a><\/h2><ul class=\"entry-meta\" data-type=\"simple:circle\" data-id=\"nlehgD\" ><li class=\"meta-author\" itemprop=\"author\" itemscope=\"\" itemtype=\"https:\/\/schema.org\/Person\"><a href=\"https:\/\/le-scriptorium.ch\/index.php\/author\/admin_osj12qpx\/\" tabindex=\"-1\" class=\"ct-media-container-static\"><img decoding=\"async\" src=\"https:\/\/secure.gravatar.com\/avatar\/a8e99e1405b4f1575577eb925271153996c2e422f9e73f0e6b7cdd91c9bfe9d9?s=80&amp;d=mm&amp;r=g\" width=\"40\" height=\"40\" style=\"height:40px\" alt=\"Elena\"><\/a><a class=\"ct-meta-element-author\" href=\"https:\/\/le-scriptorium.ch\/index.php\/author\/admin_osj12qpx\/\" title=\"Articles par Elena\" rel=\"author\" itemprop=\"url\"><span itemprop=\"name\">Elena<\/span><\/a><\/li><li class=\"meta-date\" itemprop=\"datePublished\"><time class=\"ct-meta-element-date\" datetime=\"2025-02-28T19:41:46+02:00\">28\/02\/2025<\/time><\/li><\/ul><\/div><\/article><article class=\"entry-card post-1444 post type-post status-publish format-standard has-post-thumbnail hentry category-le-pas-si-moyen-age tag-culture tag-halloween tag-histoire tag-medias tag-medieval tag-moyen-age tag-religion\" data-reveal=\"bottom:no\"><a class=\"ct-media-container boundless-image\" href=\"https:\/\/le-scriptorium.ch\/index.php\/2024\/10\/31\/episode-5-hors-serie-de-quoi-avait-on-peur-au-moyen-age\/\" aria-label=\"Episode 5 : Hors s\u00e9rie &#8211; De quoi avait-on peur au moyen \u00e2ge ?\"><img loading=\"lazy\" decoding=\"async\" width=\"768\" height=\"525\" src=\"https:\/\/le-scriptorium.ch\/wp-content\/uploads\/2024\/10\/cover-pic-ep-5-768x525.png\" class=\"attachment-medium_large size-medium_large wp-post-image\" alt=\"\" loading=\"lazy\" srcset=\"https:\/\/le-scriptorium.ch\/wp-content\/uploads\/2024\/10\/cover-pic-ep-5-768x525.png 768w, https:\/\/le-scriptorium.ch\/wp-content\/uploads\/2024\/10\/cover-pic-ep-5-300x205.png 300w, https:\/\/le-scriptorium.ch\/wp-content\/uploads\/2024\/10\/cover-pic-ep-5.png 954w\" sizes=\"auto, (max-width: 768px) 100vw, 768px\" itemprop=\"image\" style=\"aspect-ratio: 4\/3;\" \/><\/a><div class=\"card-content\"><ul class=\"entry-meta\" data-type=\"simple:slash\" data-id=\"9Efk7S\" ><li class=\"meta-categories\" data-type=\"pill\"><a href=\"https:\/\/le-scriptorium.ch\/index.php\/category\/le-pas-si-moyen-age\/\" rel=\"tag\" class=\"ct-term-15\">Le Pas si Moyen \u00e2ge<\/a><\/li><\/ul><h2 class=\"entry-title\"><a href=\"https:\/\/le-scriptorium.ch\/index.php\/2024\/10\/31\/episode-5-hors-serie-de-quoi-avait-on-peur-au-moyen-age\/\" rel=\"bookmark\">Episode 5 : Hors s\u00e9rie &#8211; De quoi avait-on peur au moyen \u00e2ge ?<\/a><\/h2><ul class=\"entry-meta\" data-type=\"simple:circle\" data-id=\"nlehgD\" ><li class=\"meta-author\" itemprop=\"author\" itemscope=\"\" itemtype=\"https:\/\/schema.org\/Person\"><a href=\"https:\/\/le-scriptorium.ch\/index.php\/author\/admin_osj12qpx\/\" tabindex=\"-1\" class=\"ct-media-container-static\"><img decoding=\"async\" src=\"https:\/\/secure.gravatar.com\/avatar\/a8e99e1405b4f1575577eb925271153996c2e422f9e73f0e6b7cdd91c9bfe9d9?s=80&amp;d=mm&amp;r=g\" width=\"40\" height=\"40\" style=\"height:40px\" alt=\"Elena\"><\/a><a class=\"ct-meta-element-author\" href=\"https:\/\/le-scriptorium.ch\/index.php\/author\/admin_osj12qpx\/\" title=\"Articles par Elena\" rel=\"author\" itemprop=\"url\"><span itemprop=\"name\">Elena<\/span><\/a><\/li><li class=\"meta-date\" itemprop=\"datePublished\"><time class=\"ct-meta-element-date\" datetime=\"2024-10-31T14:56:21+02:00\">31\/10\/2024<\/time><\/li><\/ul><\/div><\/article><article class=\"entry-card post-1429 post type-post status-publish format-standard has-post-thumbnail hentry category-le-pas-si-moyen-age tag-charlemagne tag-culture tag-feodalite tag-histoire tag-medias tag-medieval tag-moyen-age\" data-reveal=\"bottom:no\"><a class=\"ct-media-container boundless-image\" href=\"https:\/\/le-scriptorium.ch\/index.php\/2024\/08\/11\/episode-4-des-seigneurs-et-des-hommes\/\" aria-label=\"Episode 4 : Des seigneurs et des hommes\"><img loading=\"lazy\" decoding=\"async\" width=\"768\" height=\"322\" src=\"https:\/\/le-scriptorium.ch\/wp-content\/uploads\/2024\/08\/1024px-Bayeux_Tapestry_scene23_Harold_oath_William-768x322.jpg\" class=\"attachment-medium_large size-medium_large wp-post-image\" alt=\"\" loading=\"lazy\" srcset=\"https:\/\/le-scriptorium.ch\/wp-content\/uploads\/2024\/08\/1024px-Bayeux_Tapestry_scene23_Harold_oath_William-768x322.jpg 768w, https:\/\/le-scriptorium.ch\/wp-content\/uploads\/2024\/08\/1024px-Bayeux_Tapestry_scene23_Harold_oath_William-300x126.jpg 300w, https:\/\/le-scriptorium.ch\/wp-content\/uploads\/2024\/08\/1024px-Bayeux_Tapestry_scene23_Harold_oath_William.jpg 1024w\" sizes=\"auto, (max-width: 768px) 100vw, 768px\" itemprop=\"image\" style=\"aspect-ratio: 4\/3;\" \/><\/a><div class=\"card-content\"><ul class=\"entry-meta\" data-type=\"simple:slash\" data-id=\"9Efk7S\" ><li class=\"meta-categories\" data-type=\"pill\"><a href=\"https:\/\/le-scriptorium.ch\/index.php\/category\/le-pas-si-moyen-age\/\" rel=\"tag\" class=\"ct-term-15\">Le Pas si Moyen \u00e2ge<\/a><\/li><\/ul><h2 class=\"entry-title\"><a href=\"https:\/\/le-scriptorium.ch\/index.php\/2024\/08\/11\/episode-4-des-seigneurs-et-des-hommes\/\" rel=\"bookmark\">Episode 4 : Des seigneurs et des hommes<\/a><\/h2><ul class=\"entry-meta\" data-type=\"simple:circle\" data-id=\"nlehgD\" ><li class=\"meta-author\" itemprop=\"author\" itemscope=\"\" itemtype=\"https:\/\/schema.org\/Person\"><a href=\"https:\/\/le-scriptorium.ch\/index.php\/author\/admin_osj12qpx\/\" tabindex=\"-1\" class=\"ct-media-container-static\"><img decoding=\"async\" src=\"https:\/\/secure.gravatar.com\/avatar\/a8e99e1405b4f1575577eb925271153996c2e422f9e73f0e6b7cdd91c9bfe9d9?s=80&amp;d=mm&amp;r=g\" width=\"40\" height=\"40\" style=\"height:40px\" alt=\"Elena\"><\/a><a class=\"ct-meta-element-author\" href=\"https:\/\/le-scriptorium.ch\/index.php\/author\/admin_osj12qpx\/\" title=\"Articles par Elena\" rel=\"author\" itemprop=\"url\"><span itemprop=\"name\">Elena<\/span><\/a><\/li><li class=\"meta-date\" itemprop=\"datePublished\"><time class=\"ct-meta-element-date\" datetime=\"2024-08-11T17:11:26+02:00\">11\/08\/2024<\/time><\/li><\/ul><\/div><\/article><\/div>\n\t\t<nav class=\"ct-pagination\" data-pagination=\"simple\"  >\n\t\t\t<div class=\"ct-hidden-sm\"><span aria-current=\"page\" class=\"page-numbers current\">1<\/span>\n<a class=\"page-numbers\" href=\"https:\/\/le-scriptorium.ch\/index.php\/wp-json\/wp\/v2\/pages\/51\/page\/2\/\">2<\/a><\/div><a class=\"next page-numbers\" rel=\"next\" href=\"https:\/\/le-scriptorium.ch\/index.php\/wp-json\/wp\/v2\/pages\/51\/page\/2\/\">Suivant <svg width=\"9px\" height=\"9px\" viewBox=\"0 0 15 15\" fill=\"currentColor\"><path d=\"M4.1,15c0.2,0,0.4-0.1,0.6-0.2L11.4,8c0.3-0.3,0.3-0.8,0-1.1L4.8,0.2C4.5-0.1,4-0.1,3.7,0.2C3.4,0.5,3.4,1,3.7,1.3l6.1,6.1l-6.2,6.2c-0.3,0.3-0.3,0.8,0,1.1C3.7,14.9,3.9,15,4.1,15z\"\/><\/svg><\/a>\n\t\t\t\n\t\t<\/nav><\/div><\/div>\n\t\t\t\t\t\t<\/div>\n\t\t\t\t<\/div>\n\t\t\t\t\t<\/div>\n\t\t\t\t<\/div>\n\t\t\t\t<\/div>\n\t\t","protected":false},"excerpt":{"rendered":"<p>N.B. : Ces articles ne sont pas des articles scientifiques mais des articles de blog ayant\u00a0pour but premier d&rsquo;offrir une transcription \u00e9crite des \u00e9pisodes du podcast. Ils n&rsquo;en sont cependant pas moins document\u00e9s avec s\u00e9rieux, et sont accompagn\u00e9s de quelques r\u00e9f\u00e9rences choisies pour celles et ceux qui souhaiteraient pousser leur curiosit\u00e9 plus loin sur le [&hellip;]<\/p>\n","protected":false},"author":1,"featured_media":566,"parent":0,"menu_order":0,"comment_status":"closed","ping_status":"closed","template":"","meta":{"footnotes":""},"class_list":["post-51","page","type-page","status-publish","has-post-thumbnail","hentry"],"blocksy_meta":[],"_links":{"self":[{"href":"https:\/\/le-scriptorium.ch\/index.php\/wp-json\/wp\/v2\/pages\/51","targetHints":{"allow":["GET"]}}],"collection":[{"href":"https:\/\/le-scriptorium.ch\/index.php\/wp-json\/wp\/v2\/pages"}],"about":[{"href":"https:\/\/le-scriptorium.ch\/index.php\/wp-json\/wp\/v2\/types\/page"}],"author":[{"embeddable":true,"href":"https:\/\/le-scriptorium.ch\/index.php\/wp-json\/wp\/v2\/users\/1"}],"replies":[{"embeddable":true,"href":"https:\/\/le-scriptorium.ch\/index.php\/wp-json\/wp\/v2\/comments?post=51"}],"version-history":[{"count":122,"href":"https:\/\/le-scriptorium.ch\/index.php\/wp-json\/wp\/v2\/pages\/51\/revisions"}],"predecessor-version":[{"id":1719,"href":"https:\/\/le-scriptorium.ch\/index.php\/wp-json\/wp\/v2\/pages\/51\/revisions\/1719"}],"wp:featuredmedia":[{"embeddable":true,"href":"https:\/\/le-scriptorium.ch\/index.php\/wp-json\/wp\/v2\/media\/566"}],"wp:attachment":[{"href":"https:\/\/le-scriptorium.ch\/index.php\/wp-json\/wp\/v2\/media?parent=51"}],"curies":[{"name":"wp","href":"https:\/\/api.w.org\/{rel}","templated":true}]}}